{"id":140,"date":"2025-03-23T14:33:19","date_gmt":"2025-03-23T14:33:19","guid":{"rendered":"https:\/\/www.manchesterterrierhappening2025.nl\/?page_id=140"},"modified":"2025-03-23T16:07:33","modified_gmt":"2025-03-23T16:07:33","slug":"totale-inschrijving-mth-2025","status":"publish","type":"page","link":"https:\/\/www.manchesterterrierhappening2025.nl\/index.php\/totale-inschrijving-mth-2025\/","title":{"rendered":"Totale inschrijving MTH 2025"},"content":{"rendered":"\n<div class=\"wpcf7 no-js\" id=\"wpcf7-f139-o1\" lang=\"nl-NL\" dir=\"ltr\" data-wpcf7-id=\"139\">\n<div class=\"screen-reader-response\"><p role=\"status\" aria-live=\"polite\" aria-atomic=\"true\"><\/p> <ul><\/ul><\/div>\n<form action=\"\/index.php\/wp-json\/wp\/v2\/pages\/140#wpcf7-f139-o1\" method=\"post\" class=\"wpcf7-form init\" aria-label=\"Contactformulier\" novalidate=\"novalidate\" data-status=\"init\">\n<fieldset class=\"hidden-fields-container\"><input type=\"hidden\" name=\"_wpcf7\" value=\"139\" \/><input type=\"hidden\" name=\"_wpcf7_version\" value=\"6.1.5\" \/><input type=\"hidden\" name=\"_wpcf7_locale\" value=\"nl_NL\" \/><input type=\"hidden\" name=\"_wpcf7_unit_tag\" value=\"wpcf7-f139-o1\" \/><input type=\"hidden\" name=\"_wpcf7_container_post\" value=\"0\" \/><input type=\"hidden\" name=\"_wpcf7_posted_data_hash\" value=\"\" \/>\n<\/fieldset>\n<p>Kies hier voor welke onderdelen u wilt inschrijven.<br \/>\nChoose here which parts of happening you want to participate.<br \/>\nW\u00e4hlen Sie hier aus, f\u00fcr welche Komponenten Sie sich anmelden m\u00f6chten.\n<\/p>\n<p>U ontvangt een bevestigingsmail met betaalverzoek.<br \/>\nYou will receive a confirmation e-mail with the payment information.<br \/>\nSie erhalten eine Best\u00e4tigungs-E-Mail mit einer Zahlungsaufforderung.\n<\/p>\n<p>Na ontvangst van uw betaling is uw deelname definitief.<br \/>\nAfter payment the participation is final.<br \/>\nNach Eingang Ihrer Zahlung ist Ihre Teilnahme endg\u00fcltig.\n<\/p>\n<p>Inschrijving sluit maandag 25 augustus ovb<br \/>\nEntry will close at Monday August the 25th.<br \/>\nDie Anmeldung endet am Montag, den 25. August\n<\/p>\n<p><label> Naam \/ Name<br \/>\n<span class=\"wpcf7-form-control-wrap\" data-name=\"your-name\"><input size=\"40\" maxlength=\"400\" class=\"wpcf7-form-control wpcf7-text wpcf7-validates-as-required\" autocomplete=\"name\" aria-required=\"true\" aria-invalid=\"false\" value=\"\" type=\"text\" name=\"your-name\" \/><\/span> <\/label>\n<\/p>\n<p><label> e-mailadres \/ e-mail address \/ E-Mail-Adresse<br \/>\n<span class=\"wpcf7-form-control-wrap\" data-name=\"your-email\"><input size=\"40\" maxlength=\"400\" class=\"wpcf7-form-control wpcf7-email wpcf7-validates-as-required wpcf7-text wpcf7-validates-as-email\" autocomplete=\"email\" aria-required=\"true\" aria-invalid=\"false\" value=\"\" type=\"email\" name=\"your-email\" \/><\/span> <\/label>\n<\/p>\n<p><span class=\"wpcf7-form-control-wrap\" data-name=\"checkbox-906\"><span class=\"wpcf7-form-control wpcf7-checkbox wpcf7-validates-as-required\"><span class=\"wpcf7-list-item first\"><label><input type=\"checkbox\" name=\"checkbox-906[]\" value=\"Ja, ik ben lid van de MTCN \/ Yes, i&#039;m a member of the MTCN \/ Ja, ich bin ein\nMitglied der MTCN\" \/><span class=\"wpcf7-list-item-label\">Ja, ik ben lid van de MTCN \/ Yes, i&#039;m a member of the MTCN \/ Ja, ich bin ein\nMitglied der MTCN<\/span><\/label><\/span><span class=\"wpcf7-list-item last\"><label><input type=\"checkbox\" name=\"checkbox-906[]\" value=\"Nee, ik ben geen lid van de MTCN \/ No I&#039;m not a member of the MTCN \/ Nein, ich bin keine\nMitglied der MTCN\" \/><span class=\"wpcf7-list-item-label\">Nee, ik ben geen lid van de MTCN \/ No I&#039;m not a member of the MTCN \/ Nein, ich bin keine\nMitglied der MTCN<\/span><\/label><\/span><\/span><\/span>\n<\/p>\n<p>ZATERDAG 6 September 2025 \/ SATURDAY SEPTEMBER the 6th \/ SAMSTAG, 6. September 2025\n<\/p>\n<p>Hondenshow \/ Dog Show \/ Hundeausstellung\n<\/p>\n<p>Huishondenklas \/ Pet Dog Class \/ Haushundeklasse<br \/>\nGratis voor leden MTCN \/ Free for members MTCN \/ Kostenlos f\u00fcr MTCN-Mitglieder<br \/>\nNiet leden \u20ac15,- \/ Not members MTCN \u20ac15,- \/ Nicht-Mitglieder \u20ac15,-\n<\/p>\n<p><span class=\"wpcf7-form-control-wrap\" data-name=\"checkbox-101\"><span class=\"wpcf7-form-control wpcf7-checkbox\"><span class=\"wpcf7-list-item first\"><label><input type=\"checkbox\" name=\"checkbox-101[]\" value=\"Inschrijving in huishondenklas \/ Entry in Pet Dog Class \/ Anmeldung zur Haushundeklasse\" \/><span class=\"wpcf7-list-item-label\">Inschrijving in huishondenklas \/ Entry in Pet Dog Class \/ Anmeldung zur Haushundeklasse<\/span><\/label><\/span><span class=\"wpcf7-list-item\"><label><input type=\"checkbox\" name=\"checkbox-101[]\" value=\"Inschrijving Kampioenschapsclubmatch \/ Entry Championship Clubmatch \/ \/ Meisterschafts\nClubmatch\" \/><span class=\"wpcf7-list-item-label\">Inschrijving Kampioenschapsclubmatch \/ Entry Championship Clubmatch \/ \/ Meisterschafts\nClubmatch<\/span><\/label><\/span><span class=\"wpcf7-list-item last\"><label><input type=\"checkbox\" name=\"checkbox-101[]\" value=\"Schrijf niet in voor de show \/ No entry for dog shows \/ Melden Sie sich nicht f\u00fcr die Show an\" \/><span class=\"wpcf7-list-item-label\">Schrijf niet in voor de show \/ No entry for dog shows \/ Melden Sie sich nicht f\u00fcr die Show an<\/span><\/label><\/span><\/span><\/span>\n<\/p>\n<p>Inschrijven voor Huishondenklas scroll naar beneden \/Entry Pet Dog Class scroll below \/ Anmeldung zum Haushundekurs nach unten<br \/>\nInschrijven voor de Kampioenschapsclubmatch scroll naar beneden \/Entry Championship Clubmatch scroll below \/ Melden Sie sich f\u00fcr den<br \/>\nMeisterschafts Clubmatch, scrollen Sie nach unten\n<\/p>\n<p>Workshops\n<\/p>\n<p>1 hond per begeleider \/ 1 dog per handler \/ 1 Hund ist erlaubt pro<br \/>\nsupervisor<br \/>\nMaak een of meerdere keuzes \/ more choices possible \/ Bitte treffen Sie eine oder mehrere Auswahlen\n<\/p>\n<p>5\u20ac per workshop per combinatie (hond\/handler) \/ 5\u20ac per workshop per combination (dog\/handler) \/ 5\u20ac pro Werkstatt pro Kombination<br \/>\n(Hund\/Hundef\u00fchrer)\n<\/p>\n<p><span class=\"wpcf7-form-control-wrap\" data-name=\"checkbox-331\"><span class=\"wpcf7-form-control wpcf7-checkbox\"><span class=\"wpcf7-list-item first\"><label><input type=\"checkbox\" name=\"checkbox-331[]\" value=\"Creadog (no entries possible anymore)\" \/><span class=\"wpcf7-list-item-label\">Creadog (no entries possible anymore)<\/span><\/label><\/span><span class=\"wpcf7-list-item\"><label><input type=\"checkbox\" name=\"checkbox-331[]\" value=\"Hoopers\" \/><span class=\"wpcf7-list-item-label\">Hoopers<\/span><\/label><\/span><span class=\"wpcf7-list-item last\"><label><input type=\"checkbox\" name=\"checkbox-331[]\" value=\"Rally O(Bedience)\" \/><span class=\"wpcf7-list-item-label\">Rally O(Bedience)<\/span><\/label><\/span><\/span><\/span>\n<\/p>\n<p>Aantal combinaties (hond\/handler)\/ Number of combinations (dog\/handler) \/ Aantal-Kombinationen (Hund\/Hund) : <span class=\"wpcf7-form-control-wrap\" data-name=\"number-425\"><input class=\"wpcf7-form-control wpcf7-number wpcf7-validates-as-number\" aria-invalid=\"false\" value=\"\" type=\"number\" name=\"number-425\" \/><\/span>\n<\/p>\n<p>Naam of namen van Hond(en) en Handler(s) + leeftijd hond(en)\/ Name or names from handler(s) and dog(s) + age dog(s) \/ Name des Namens van<br \/>\nHond(en) und Handler(s) + linker Hund(en):<br \/>\n<span class=\"wpcf7-form-control-wrap\" data-name=\"textarea-774\"><textarea cols=\"40\" rows=\"10\" maxlength=\"2000\" class=\"wpcf7-form-control wpcf7-textarea\" aria-invalid=\"false\" name=\"textarea-774\"><\/textarea><\/span>\n<\/p>\n<p>BBQ<br \/>\n18.00\n<\/p>\n<p>\u20ac25 pp excl drank\/drinks\/dranke<br \/>\nVoor leden en niet leden \/ no differents if you are a member or not \/ F\u00fcr Mitglieder und nicht-Mitglieder\n<\/p>\n<p>Hoeveel personen\/ How many persons \/ Wie viele Personen: Vlees\/Meat\/Fleisch: <span class=\"wpcf7-form-control-wrap\" data-name=\"number-491\"><input class=\"wpcf7-form-control wpcf7-number wpcf7-validates-as-number\" aria-invalid=\"false\" value=\"\" type=\"number\" name=\"number-491\" \/><\/span> Vegetarisch\/ Vegetarian\/ Vegetari\u00ebr: <span class=\"wpcf7-form-control-wrap\" data-name=\"number-125\"><input class=\"wpcf7-form-control wpcf7-number wpcf7-validates-as-number\" aria-invalid=\"false\" value=\"\" type=\"number\" name=\"number-125\" \/><\/span>\n<\/p>\n<p>Spelletjesdag \/ Games \/ Spieltag\n<\/p>\n<p><span class=\"wpcf7-form-control-wrap\" data-name=\"checkbox-807\"><span class=\"wpcf7-form-control wpcf7-checkbox\"><span class=\"wpcf7-list-item first\"><label><input type=\"checkbox\" name=\"checkbox-807[]\" value=\"Ja \/ Yes*\" \/><span class=\"wpcf7-list-item-label\">Ja \/ Yes*<\/span><\/label><\/span><span class=\"wpcf7-list-item last\"><label><input type=\"checkbox\" name=\"checkbox-807[]\" value=\"Nee \/ No \/ Nein\" \/><span class=\"wpcf7-list-item-label\">Nee \/ No \/ Nein<\/span><\/label><\/span><\/span><\/span>\n<\/p>\n<p>* hoeveel combinaties (hond\/handler) \/ How many combinations (Dog\/Handler) \/ die Anzahl der Kombinationen (Hund\/Handler) : <span class=\"wpcf7-form-control-wrap\" data-name=\"number-896\"><input class=\"wpcf7-form-control wpcf7-number wpcf7-validates-as-number\" aria-invalid=\"false\" value=\"\" type=\"number\" name=\"number-896\" \/><\/span>\n<\/p>\n<p>Naam of namen van Hond(en) en Handler(s) + leeftijd hond(en)\/ Name or names from handler(s) and dog(s) + age dog(s) \/ Name(n) des Hundes und<br \/>\ndes Hundef\u00fchrers + alter Hunde:<br \/>\n<span class=\"wpcf7-form-control-wrap\" data-name=\"textarea-668\"><textarea cols=\"40\" rows=\"10\" maxlength=\"2000\" class=\"wpcf7-form-control wpcf7-textarea\" aria-invalid=\"false\" name=\"textarea-668\"><\/textarea><\/span>\n<\/p>\n<p>Gratis voor deelnemers show en leden MTCN \/ Free for participaters show and members MTCN \/ Kostenlos f\u00fcr Showteilnehmer und MTCN-Mitglieder<br \/>\nNiet leden MTCN \u20ac5,- per combinatie (hond\/handler) \/ Not a member of the MTCN it's \u20ac5,- for each combination \/ Nichtmitglieder MTCN 5,- \u20ac pro<br \/>\nKombination (Hund\/F\u00fchrer)\n<\/p>\n<p>---------------------------------------------------------------------------------\n<\/p>\n<p>CAMPINGPLAATS op het evenemententerrein \/ CAMPINGLOCATION on the venue of the happening \/ CAMPINGPLATZ auf dem Veranstaltungsgel\u00e4nde\n<\/p>\n<p>Geen stroom en douche. Enkel koud water en wc! \/ No electricity and shower. Only cold water and toilet! \/ Kein Strom und keine Dusche. Nur<br \/>\nkaltes Wasser und Toilette!\n<\/p>\n<p>Aankomst vrijdag vanaf 16.00 \/ Time of arrival not earlier than 16.00 on Friday \/ Anreise Freitag ab 16 Uhr\u2028<br \/>\nVertrek zondag 16.00 \/ Time of departure not later than 16.00 on Sunday \/ Abreise Sonntag 16 Uhr\n<\/p>\n<p>\u20ac15 per nacht \/ \u20ac15 per night \/ \u20ac15 pro Nacht\n<\/p>\n<p><span class=\"wpcf7-form-control-wrap\" data-name=\"checkbox-881\"><span class=\"wpcf7-form-control wpcf7-checkbox\"><span class=\"wpcf7-list-item first\"><label><input type=\"checkbox\" name=\"checkbox-881[]\" value=\"Vrijdag - zaterdag \/ Friday -Saturday \/ Freitag - Samstag\" \/><span class=\"wpcf7-list-item-label\">Vrijdag - zaterdag \/ Friday -Saturday \/ Freitag - Samstag<\/span><\/label><\/span><span class=\"wpcf7-list-item\"><label><input type=\"checkbox\" name=\"checkbox-881[]\" value=\"Zaterdag - zondag \/ Saturday - Sunday \/ Samstag - Sonntag\" \/><span class=\"wpcf7-list-item-label\">Zaterdag - zondag \/ Saturday - Sunday \/ Samstag - Sonntag<\/span><\/label><\/span><span class=\"wpcf7-list-item last\"><label><input type=\"checkbox\" name=\"checkbox-881[]\" value=\"Vrijdag - zondag \/ Friday -Sunday \/ Freitag - Sonntag\" \/><span class=\"wpcf7-list-item-label\">Vrijdag - zondag \/ Friday -Sunday \/ Freitag - Sonntag<\/span><\/label><\/span><\/span><\/span>\n<\/p>\n<p><input class=\"wpcf7-form-control wpcf7-submit has-spinner\" type=\"submit\" value=\"Verzenden\" \/>\n<\/p><p style=\"display: none !important;\" class=\"akismet-fields-container\" data-prefix=\"_wpcf7_ak_\"><label>&#916;<textarea name=\"_wpcf7_ak_hp_textarea\" cols=\"45\" rows=\"8\" maxlength=\"100\"><\/textarea><\/label><input type=\"hidden\" id=\"ak_js_1\" name=\"_wpcf7_ak_js\" value=\"156\"\/><script>document.getElementById( \"ak_js_1\" ).setAttribute( \"value\", ( new Date() ).getTime() );<\/script><\/p><div class=\"wpcf7-response-output\" aria-hidden=\"true\"><\/div>\n<\/form>\n<\/div>\n\n","protected":false},"excerpt":{"rendered":"","protected":false},"author":1,"featured_media":0,"parent":0,"menu_order":0,"comment_status":"closed","ping_status":"closed","template":"","meta":{"footnotes":""},"class_list":["post-140","page","type-page","status-publish","hentry","post"],"yoast_head":"<!-- This site is optimized with the Yoast SEO plugin v27.4 - https:\/\/yoast.com\/product\/yoast-seo-wordpress\/ -->\n<title>Totale inschrijving MTH 2025 - Manchester Terrier Happening 2025<\/title>\n<meta name=\"robots\" content=\"index, follow, max-snippet:-1, max-image-preview:large, max-video-preview:-1\" \/>\n<link rel=\"canonical\" href=\"https:\/\/www.manchesterterrierhappening2025.nl\/index.php\/totale-inschrijving-mth-2025\/\" \/>\n<meta property=\"og:locale\" content=\"nl_NL\" \/>\n<meta property=\"og:type\" content=\"article\" \/>\n<meta property=\"og:title\" content=\"Totale inschrijving MTH 2025 - Manchester Terrier Happening 2025\" \/>\n<meta property=\"og:url\" content=\"https:\/\/www.manchesterterrierhappening2025.nl\/index.php\/totale-inschrijving-mth-2025\/\" \/>\n<meta property=\"og:site_name\" content=\"Manchester Terrier Happening 2025\" \/>\n<meta property=\"article:publisher\" content=\"https:\/\/www.facebook.com\/profile.php?id=100064816385861\" \/>\n<meta property=\"article:modified_time\" content=\"2025-03-23T16:07:33+00:00\" \/>\n<meta name=\"twitter:card\" content=\"summary_large_image\" \/>\n<meta name=\"twitter:label1\" content=\"Geschatte leestijd\" \/>\n\t<meta name=\"twitter:data1\" content=\"1 minuut\" \/>\n<script type=\"application\/ld+json\" class=\"yoast-schema-graph\">{\"@context\":\"https:\\\/\\\/schema.org\",\"@graph\":[{\"@type\":\"WebPage\",\"@id\":\"https:\\\/\\\/www.manchesterterrierhappening2025.nl\\\/index.php\\\/totale-inschrijving-mth-2025\\\/\",\"url\":\"https:\\\/\\\/www.manchesterterrierhappening2025.nl\\\/index.php\\\/totale-inschrijving-mth-2025\\\/\",\"name\":\"Totale inschrijving MTH 2025 - Manchester Terrier Happening 2025\",\"isPartOf\":{\"@id\":\"https:\\\/\\\/www.manchesterterrierhappening2025.nl\\\/#website\"},\"datePublished\":\"2025-03-23T14:33:19+00:00\",\"dateModified\":\"2025-03-23T16:07:33+00:00\",\"breadcrumb\":{\"@id\":\"https:\\\/\\\/www.manchesterterrierhappening2025.nl\\\/index.php\\\/totale-inschrijving-mth-2025\\\/#breadcrumb\"},\"inLanguage\":\"nl-NL\",\"potentialAction\":[{\"@type\":\"ReadAction\",\"target\":[\"https:\\\/\\\/www.manchesterterrierhappening2025.nl\\\/index.php\\\/totale-inschrijving-mth-2025\\\/\"]}]},{\"@type\":\"BreadcrumbList\",\"@id\":\"https:\\\/\\\/www.manchesterterrierhappening2025.nl\\\/index.php\\\/totale-inschrijving-mth-2025\\\/#breadcrumb\",\"itemListElement\":[{\"@type\":\"ListItem\",\"position\":1,\"name\":\"Home\",\"item\":\"https:\\\/\\\/www.manchesterterrierhappening2025.nl\\\/\"},{\"@type\":\"ListItem\",\"position\":2,\"name\":\"Totale inschrijving MTH 2025\"}]},{\"@type\":\"WebSite\",\"@id\":\"https:\\\/\\\/www.manchesterterrierhappening2025.nl\\\/#website\",\"url\":\"https:\\\/\\\/www.manchesterterrierhappening2025.nl\\\/\",\"name\":\"Manchester Terrier Happening 2025\",\"description\":\"Weekend with dog games and dog show for Manchester Terriers\",\"publisher\":{\"@id\":\"https:\\\/\\\/www.manchesterterrierhappening2025.nl\\\/#organization\"},\"alternateName\":\"MTH 2025\",\"potentialAction\":[{\"@type\":\"SearchAction\",\"target\":{\"@type\":\"EntryPoint\",\"urlTemplate\":\"https:\\\/\\\/www.manchesterterrierhappening2025.nl\\\/?s={search_term_string}\"},\"query-input\":{\"@type\":\"PropertyValueSpecification\",\"valueRequired\":true,\"valueName\":\"search_term_string\"}}],\"inLanguage\":\"nl-NL\"},{\"@type\":\"Organization\",\"@id\":\"https:\\\/\\\/www.manchesterterrierhappening2025.nl\\\/#organization\",\"name\":\"Manchester Terrier Club Nederland\",\"url\":\"https:\\\/\\\/www.manchesterterrierhappening2025.nl\\\/\",\"logo\":{\"@type\":\"ImageObject\",\"inLanguage\":\"nl-NL\",\"@id\":\"https:\\\/\\\/www.manchesterterrierhappening2025.nl\\\/#\\\/schema\\\/logo\\\/image\\\/\",\"url\":\"https:\\\/\\\/www.manchesterterrierhappening2025.nl\\\/wp-content\\\/uploads\\\/2025\\\/08\\\/cropped-logomtcnlustrumheader-1d-2.png\",\"contentUrl\":\"https:\\\/\\\/www.manchesterterrierhappening2025.nl\\\/wp-content\\\/uploads\\\/2025\\\/08\\\/cropped-logomtcnlustrumheader-1d-2.png\",\"width\":969,\"height\":164,\"caption\":\"Manchester Terrier Club Nederland\"},\"image\":{\"@id\":\"https:\\\/\\\/www.manchesterterrierhappening2025.nl\\\/#\\\/schema\\\/logo\\\/image\\\/\"},\"sameAs\":[\"https:\\\/\\\/www.facebook.com\\\/profile.php?id=100064816385861\"]}]}<\/script>\n<!-- \/ Yoast SEO plugin. -->","yoast_head_json":{"title":"Totale inschrijving MTH 2025 - Manchester Terrier Happening 2025","robots":{"index":"index","follow":"follow","max-snippet":"max-snippet:-1","max-image-preview":"max-image-preview:large","max-video-preview":"max-video-preview:-1"},"canonical":"https:\/\/www.manchesterterrierhappening2025.nl\/index.php\/totale-inschrijving-mth-2025\/","og_locale":"nl_NL","og_type":"article","og_title":"Totale inschrijving MTH 2025 - Manchester Terrier Happening 2025","og_url":"https:\/\/www.manchesterterrierhappening2025.nl\/index.php\/totale-inschrijving-mth-2025\/","og_site_name":"Manchester Terrier Happening 2025","article_publisher":"https:\/\/www.facebook.com\/profile.php?id=100064816385861","article_modified_time":"2025-03-23T16:07:33+00:00","twitter_card":"summary_large_image","twitter_misc":{"Geschatte leestijd":"1 minuut"},"schema":{"@context":"https:\/\/schema.org","@graph":[{"@type":"WebPage","@id":"https:\/\/www.manchesterterrierhappening2025.nl\/index.php\/totale-inschrijving-mth-2025\/","url":"https:\/\/www.manchesterterrierhappening2025.nl\/index.php\/totale-inschrijving-mth-2025\/","name":"Totale inschrijving MTH 2025 - Manchester Terrier Happening 2025","isPartOf":{"@id":"https:\/\/www.manchesterterrierhappening2025.nl\/#website"},"datePublished":"2025-03-23T14:33:19+00:00","dateModified":"2025-03-23T16:07:33+00:00","breadcrumb":{"@id":"https:\/\/www.manchesterterrierhappening2025.nl\/index.php\/totale-inschrijving-mth-2025\/#breadcrumb"},"inLanguage":"nl-NL","potentialAction":[{"@type":"ReadAction","target":["https:\/\/www.manchesterterrierhappening2025.nl\/index.php\/totale-inschrijving-mth-2025\/"]}]},{"@type":"BreadcrumbList","@id":"https:\/\/www.manchesterterrierhappening2025.nl\/index.php\/totale-inschrijving-mth-2025\/#breadcrumb","itemListElement":[{"@type":"ListItem","position":1,"name":"Home","item":"https:\/\/www.manchesterterrierhappening2025.nl\/"},{"@type":"ListItem","position":2,"name":"Totale inschrijving MTH 2025"}]},{"@type":"WebSite","@id":"https:\/\/www.manchesterterrierhappening2025.nl\/#website","url":"https:\/\/www.manchesterterrierhappening2025.nl\/","name":"Manchester Terrier Happening 2025","description":"Weekend with dog games and dog show for Manchester Terriers","publisher":{"@id":"https:\/\/www.manchesterterrierhappening2025.nl\/#organization"},"alternateName":"MTH 2025","potentialAction":[{"@type":"SearchAction","target":{"@type":"EntryPoint","urlTemplate":"https:\/\/www.manchesterterrierhappening2025.nl\/?s={search_term_string}"},"query-input":{"@type":"PropertyValueSpecification","valueRequired":true,"valueName":"search_term_string"}}],"inLanguage":"nl-NL"},{"@type":"Organization","@id":"https:\/\/www.manchesterterrierhappening2025.nl\/#organization","name":"Manchester Terrier Club Nederland","url":"https:\/\/www.manchesterterrierhappening2025.nl\/","logo":{"@type":"ImageObject","inLanguage":"nl-NL","@id":"https:\/\/www.manchesterterrierhappening2025.nl\/#\/schema\/logo\/image\/","url":"https:\/\/www.manchesterterrierhappening2025.nl\/wp-content\/uploads\/2025\/08\/cropped-logomtcnlustrumheader-1d-2.png","contentUrl":"https:\/\/www.manchesterterrierhappening2025.nl\/wp-content\/uploads\/2025\/08\/cropped-logomtcnlustrumheader-1d-2.png","width":969,"height":164,"caption":"Manchester Terrier Club Nederland"},"image":{"@id":"https:\/\/www.manchesterterrierhappening2025.nl\/#\/schema\/logo\/image\/"},"sameAs":["https:\/\/www.facebook.com\/profile.php?id=100064816385861"]}]}},"_links":{"self":[{"href":"https:\/\/www.manchesterterrierhappening2025.nl\/index.php\/wp-json\/wp\/v2\/pages\/140","targetHints":{"allow":["GET"]}}],"collection":[{"href":"https:\/\/www.manchesterterrierhappening2025.nl\/index.php\/wp-json\/wp\/v2\/pages"}],"about":[{"href":"https:\/\/www.manchesterterrierhappening2025.nl\/index.php\/wp-json\/wp\/v2\/types\/page"}],"author":[{"embeddable":true,"href":"https:\/\/www.manchesterterrierhappening2025.nl\/index.php\/wp-json\/wp\/v2\/users\/1"}],"replies":[{"embeddable":true,"href":"https:\/\/www.manchesterterrierhappening2025.nl\/index.php\/wp-json\/wp\/v2\/comments?post=140"}],"version-history":[{"count":2,"href":"https:\/\/www.manchesterterrierhappening2025.nl\/index.php\/wp-json\/wp\/v2\/pages\/140\/revisions"}],"predecessor-version":[{"id":142,"href":"https:\/\/www.manchesterterrierhappening2025.nl\/index.php\/wp-json\/wp\/v2\/pages\/140\/revisions\/142"}],"wp:attachment":[{"href":"https:\/\/www.manchesterterrierhappening2025.nl\/index.php\/wp-json\/wp\/v2\/media?parent=140"}],"curies":[{"name":"wp","href":"https:\/\/api.w.org\/{rel}","templated":true}]}}